{"id":1311,"date":"2020-11-09T09:05:27","date_gmt":"2020-11-09T08:05:27","guid":{"rendered":"https:\/\/prod2024-wp.idemia.nbs-test.com\/search-results\/"},"modified":"2023-04-04T17:59:54","modified_gmt":"2023-04-04T15:59:54","slug":"search-results","status":"publish","type":"page","link":"https:\/\/www.idemia.com\/fr\/resultats-de-la-recherche\/","title":{"rendered":"R\u00e9sultats de la recherche"},"content":{"rendered":"<p><div class=\"facetwp-facet facetwp-facet-search_results facetwp-type-checkboxes\" data-name=\"search_results\" data-type=\"checkboxes\"><\/div><br \/>\n<div class=\"facetwp-sort\"><\/div><br \/>\n<div class=\"facetwp-facet facetwp-facet-search_input facetwp-type-search\" data-name=\"search_input\" data-type=\"search\"><\/div><br \/>\n<ul class=\"facetwp-template block-list large-list\" data-name=\"search_template\"><li>\n<article class=\"block-news\">\n<a href=\"https:\/\/www.idemia.com\/fr\/actualite\/ist-accelere-les-concepts-de-paiement-nouvelle-generation-avec-ses-laboratoires-dedies-aux-cartes-en-metal-2026-05-11\/\" title=\"IST acc\u00e9l\u00e8re les concepts de paiement nouvelle g\u00e9n\u00e9ration avec ses laboratoires d\u00e9di\u00e9s aux cartes en m\u00e9tal\">\n<div class=\"tag\">Actualit\u00e9<\/div>\n<div class=\"picture\">\n<img decoding=\"async\" src=\"https:\/\/www.idemia.com\/wp-content\/uploads\/2026\/05\/metal-card-innovation-design-lab-idemia-secure-transactions-610x240.jpg\" alt=\"IST acc\u00e9l\u00e8re les concepts de paiement nouvelle g\u00e9n\u00e9ration avec ses laboratoires d\u00e9di\u00e9s aux cartes en m\u00e9tal\" title=\"IST acc\u00e9l\u00e8re les concepts de paiement nouvelle g\u00e9n\u00e9ration avec ses laboratoires d\u00e9di\u00e9s aux cartes en m\u00e9tal\" loading=\"lazy\" \/>\n<\/div>\n<div class=\"content\">\n<div class=\"date\">11.05.26<\/div>\n<div class=\"title\">IST acc\u00e9l\u00e8re les concepts de paiement nouvelle g\u00e9n\u00e9ration avec ses laboratoires d\u00e9di\u00e9s aux cartes en m\u00e9tal<\/div>\n<\/div>\n<\/a>\n<\/article>\n<\/li>\n<li>\n<article class=\"block-pr\">\n<a href=\"https:\/\/www.idemia.com\/fr\/communique-de-presse\/idemia-secure-transactions-brise-les-frontieres-pour-les-reseaux-de-paiement-et-les-portefeuilles-numeriques-dans-le-monde-2026-05-07\/\" title=\"IDEMIA Secure Transactions brise les fronti\u00e8res pour les r\u00e9seaux de paiement et les portefeuilles num\u00e9riques dans le monde\">\n<div class=\"tag\">Communiqu\u00e9 de presse<\/div>\n<div class=\"picture\">\n<img decoding=\"async\" src=\"https:\/\/www.idemia.com\/wp-content\/uploads\/2026\/05\/worldwide-payment-networks-idemia-610x240.jpg\" alt=\"IDEMIA Secure Transactions brise les fronti\u00e8res pour les r\u00e9seaux de paiement et les portefeuilles num\u00e9riques dans le monde\" title=\"IDEMIA Secure Transactions brise les fronti\u00e8res pour les r\u00e9seaux de paiement et les portefeuilles num\u00e9riques dans le monde\" loading=\"lazy\" \/>\n<\/div>\n<div class=\"content\">\n<div class=\"date\">07.05.26<\/div>\n<div class=\"title\">IDEMIA Secure Transactions brise les fronti\u00e8res pour les r\u00e9seaux de paiement et les portefeuilles num\u00e9riques dans le monde<\/div>\n<\/div>\n<\/a>\n<\/article>\n<\/li>\n<li>\n<article class=\"block-news\">\n<a href=\"https:\/\/www.idemia.com\/fr\/actualite\/lancement-de-la-solution-fido-dist-de-lauthentification-par-carte-au-serveur-cryptographique-securise-2026-05-04\/\" title=\"Lancement de la solution FIDO d\u2019IST : de l&rsquo;authentification par carte au serveur cryptographique s\u00e9curis\u00e9\">\n<div class=\"tag\">Actualit\u00e9<\/div>\n<div class=\"picture\">\n<img decoding=\"async\" src=\"https:\/\/www.idemia.com\/wp-content\/uploads\/2026\/05\/fido-applet-card-based-authentication-idemia-610x240.jpg\" alt=\"Lancement de la solution FIDO d\u2019IST : de l&rsquo;authentification par carte au serveur cryptographique s\u00e9curis\u00e9\" title=\"Lancement de la solution FIDO d\u2019IST : de l&rsquo;authentification par carte au serveur cryptographique s\u00e9curis\u00e9\" loading=\"lazy\" \/>\n<\/div>\n<div class=\"content\">\n<div class=\"date\">04.05.26<\/div>\n<div class=\"title\">Lancement de la solution FIDO d\u2019IST : de l&rsquo;authentification par carte au serveur cryptographique s\u00e9curis\u00e9<\/div>\n<\/div>\n<\/a>\n<\/article>\n<\/li>\n<li>\n<article class=\"block-pr\">\n<a href=\"https:\/\/www.idemia.com\/fr\/communique-de-presse\/idemia-public-security-accompagne-le-lancement-de-lidentite-mobile-de-la-californie-dans-le-samsung-wallet-2026-04-30\/\" title=\"IDEMIA Public Security accompagne le lancement de l\u2019identit\u00e9 mobile de la Californie dans le Samsung Wallet\">\n<div class=\"tag\">Communiqu\u00e9 de presse<\/div>\n<div class=\"picture\">\n<img decoding=\"async\" src=\"https:\/\/www.idemia.com\/wp-content\/uploads\/2026\/05\/california-samsung-wallet-launch-idemia-610x240.jpg\" alt=\"IDEMIA Public Security accompagne le lancement de l\u2019identit\u00e9 mobile de la Californie dans le Samsung Wallet\" title=\"IDEMIA Public Security accompagne le lancement de l\u2019identit\u00e9 mobile de la Californie dans le Samsung Wallet\" loading=\"lazy\" \/>\n<\/div>\n<div class=\"content\">\n<div class=\"date\">30.04.26<\/div>\n<div class=\"title\">IDEMIA Public Security accompagne le lancement de l\u2019identit\u00e9 mobile de la Californie dans le Samsung Wallet<\/div>\n<\/div>\n<\/a>\n<\/article>\n<\/li>\n<li>\n<article class=\"block-pr\">\n<a href=\"https:\/\/www.idemia.com\/fr\/communique-de-presse\/idemia-public-security-sassocie-avec-la-tsa-avec-une-remise-de-20-dollars-sur-les-enrolements-tsa-precheck-pour-les-personnes-agees-de-30-ans-ou-moins-2026-04-30\/\" title=\"IDEMIA Public Security s\u2019associe avec la TSA, avec une remise de 20 dollars sur les enr\u00f4lements TSA PreCheck\u00ae pour les personnes \u00e2g\u00e9es de 30 ans ou moins\">\n<div class=\"tag\">Communiqu\u00e9 de presse<\/div>\n<div class=\"picture\">\n<img decoding=\"async\" src=\"https:\/\/www.idemia.com\/wp-content\/uploads\/2026\/05\/tsa-young-people-promotion-idemia-610x240.jpg\" alt=\"IDEMIA Public Security s\u2019associe avec la TSA, avec une remise de 20 dollars sur les enr\u00f4lements TSA PreCheck\u00ae pour les personnes \u00e2g\u00e9es de 30 ans ou moins\" title=\"IDEMIA Public Security s\u2019associe avec la TSA, avec une remise de 20 dollars sur les enr\u00f4lements TSA PreCheck\u00ae pour les personnes \u00e2g\u00e9es de 30 ans ou moins\" loading=\"lazy\" \/>\n<\/div>\n<div class=\"content\">\n<div class=\"date\">30.04.26<\/div>\n<div class=\"title\">IDEMIA Public Security s\u2019associe avec la TSA, avec une remise de 20 dollars sur les enr\u00f4lements TSA PreCheck\u00ae pour les personnes \u00e2g\u00e9es de 30 ans ou moins<\/div>\n<\/div>\n<\/a>\n<\/article>\n<\/li>\n<li>\n<article class=\"block-pr\">\n<a href=\"https:\/\/www.idemia.com\/fr\/communique-de-presse\/idemia-secure-transactions-sassocie-paynet-pour-mettre-en-place-des-paiements-numeriques-evolutifs-en-malaisie-2026-04-28\/\" title=\"IDEMIA Secure Transactions s\u2019associe \u00e0 PayNet pour mettre en place des paiements num\u00e9riques \u00e9volutifs en Malaisie\">\n<div class=\"tag\">Communiqu\u00e9 de presse<\/div>\n<div class=\"picture\">\n<img decoding=\"async\" src=\"https:\/\/www.idemia.com\/wp-content\/uploads\/2026\/04\/idemia-paynet-digital-payments-610x240.jpg\" alt=\"IDEMIA Secure Transactions s\u2019associe \u00e0 PayNet pour mettre en place des paiements num\u00e9riques \u00e9volutifs en Malaisie\" title=\"IDEMIA Secure Transactions s\u2019associe \u00e0 PayNet pour mettre en place des paiements num\u00e9riques \u00e9volutifs en Malaisie\" loading=\"lazy\" \/>\n<\/div>\n<div class=\"content\">\n<div class=\"date\">28.04.26<\/div>\n<div class=\"title\">IDEMIA Secure Transactions s\u2019associe \u00e0 PayNet pour mettre en place des paiements num\u00e9riques \u00e9volutifs en Malaisie<\/div>\n<\/div>\n<\/a>\n<\/article>\n<\/li>\n<li>\n<article class=\"block-news\">\n<a href=\"https:\/\/www.idemia.com\/fr\/actualite\/idemia-secure-transactions-presente-idemia-sphere-hsm-au-forum-incyber-2026-2026-04-23\/\" title=\"IDEMIA Secure Transactions pr\u00e9sente IDEMIA Sphere HSM au Forum INCYBER 2026\">\n<div class=\"tag\">Actualit\u00e9<\/div>\n<div class=\"picture\">\n<img decoding=\"async\" src=\"https:\/\/www.idemia.com\/wp-content\/uploads\/2026\/04\/idemia-sphere-hsm-incyber-forum-2026-610x240.jpg\" alt=\"IDEMIA Secure Transactions pr\u00e9sente IDEMIA Sphere HSM au Forum INCYBER 2026\" title=\"IDEMIA Secure Transactions pr\u00e9sente IDEMIA Sphere HSM au Forum INCYBER 2026\" loading=\"lazy\" \/>\n<\/div>\n<div class=\"content\">\n<div class=\"date\">23.04.26<\/div>\n<div class=\"title\">IDEMIA Secure Transactions pr\u00e9sente IDEMIA Sphere HSM au Forum INCYBER 2026<\/div>\n<\/div>\n<\/a>\n<\/article>\n<\/li>\n<li>\n<article class=\"block-download\">\n<a href=\"https:\/\/download.idemia-public-security.net\/get-now?0185\" target=\"_blank\" title=\"BORDERGUARD\u2122  Conveyance brochure (en anglais)\">\n<div class=\"tag\">T\u00e9l\u00e9chargement<\/div>\n<div class=\"content\">\n<div class=\"title\">BORDERGUARD\u2122  Conveyance brochure (en anglais)<\/div>\n<div class=\"file-size\">.pdf <span>(1.2 MB)<\/span><\/div>\n<\/div>\n<\/a>\n<\/article>\n<\/li>\n<li>\n<article class=\"block-download\">\n<a href=\"https:\/\/download.idemia-public-security.net\/get-now?0183\" target=\"_blank\" title=\"PaXpress\u2122 SmartLane brochure (en anglais)\">\n<div class=\"tag\">T\u00e9l\u00e9chargement<\/div>\n<div class=\"content\">\n<div class=\"title\">PaXpress\u2122 SmartLane brochure (en anglais)<\/div>\n<div class=\"file-size\">.pdf <span>(1.1 MB)<\/span><\/div>\n<\/div>\n<\/a>\n<\/article>\n<\/li>\n<li>\n<article class=\"block-download\">\n<a href=\"https:\/\/www.idemia.com\/wp-content\/uploads\/2026\/04\/borderguard-targeting-idemia-brochure-202604.pdf\" target=\"_blank\" title=\"BORDERGUARD\u2122  Targeting brochure (en anglais)\">\n<div class=\"tag\">T\u00e9l\u00e9chargement libre<\/div>\n<div class=\"content\">\n<div class=\"title\">BORDERGUARD\u2122  Targeting brochure (en anglais)<\/div>\n<div class=\"file-size\">.pdf <span>(1,23 Mo)<\/span><\/div>\n<\/div>\n<\/a>\n<\/article>\n<\/li>\n<\/ul><br \/>\n<div class=\"facetwp-pager\"><\/div><br \/>\n<div class=\"facetwp-facet facetwp-facet-load_more facetwp-type-pager\" data-name=\"load_more\" data-type=\"pager\"><\/div><\/p>\n","protected":false},"excerpt":{"rendered":"","protected":false},"author":1,"featured_media":0,"parent":0,"menu_order":0,"comment_status":"closed","ping_status":"closed","template":"template-search.php","meta":{"_acf_changed":false,"footnotes":""},"tags":[],"footer_push":[],"class_list":["post-1311","page","type-page","status-publish","hentry"],"acf":[],"_links":{"self":[{"href":"https:\/\/www.idemia.com\/fr\/wp-json\/wp\/v2\/pages\/1311","targetHints":{"allow":["GET"]}}],"collection":[{"href":"https:\/\/www.idemia.com\/fr\/wp-json\/wp\/v2\/pages"}],"about":[{"href":"https:\/\/www.idemia.com\/fr\/wp-json\/wp\/v2\/types\/page"}],"author":[{"embeddable":true,"href":"https:\/\/www.idemia.com\/fr\/wp-json\/wp\/v2\/users\/1"}],"replies":[{"embeddable":true,"href":"https:\/\/www.idemia.com\/fr\/wp-json\/wp\/v2\/comments?post=1311"}],"version-history":[{"count":1,"href":"https:\/\/www.idemia.com\/fr\/wp-json\/wp\/v2\/pages\/1311\/revisions"}],"predecessor-version":[{"id":1312,"href":"https:\/\/www.idemia.com\/fr\/wp-json\/wp\/v2\/pages\/1311\/revisions\/1312"}],"wp:attachment":[{"href":"https:\/\/www.idemia.com\/fr\/wp-json\/wp\/v2\/media?parent=1311"}],"wp:term":[{"taxonomy":"tags","embeddable":true,"href":"https:\/\/www.idemia.com\/fr\/wp-json\/wp\/v2\/tags?post=1311"},{"taxonomy":"footer_push","embeddable":true,"href":"https:\/\/www.idemia.com\/fr\/wp-json\/wp\/v2\/footer_push?post=1311"}],"curies":[{"name":"wp","href":"https:\/\/api.w.org\/{rel}","templated":true}]}}