{"id":11828,"date":"2020-10-14T10:59:11","date_gmt":"2020-10-14T08:59:11","guid":{"rendered":"https:\/\/prod2024-wp.idemia.nbs-test.com\/product\/pay-tv\/"},"modified":"2023-11-29T17:28:22","modified_gmt":"2023-11-29T16:28:22","slug":"pay-tv","status":"publish","type":"product","link":"https:\/\/www.idemia.com\/fr\/television-peage\/","title":{"rendered":"T\u00e9l\u00e9vision \u00e0 p\u00e9age"},"featured_media":0,"template":"","hub_tag":[178],"class_list":["post-11828","product","type-product","status-publish","hentry","hub_tag-cryptographie"],"acf":[],"_links":{"self":[{"href":"https:\/\/www.idemia.com\/fr\/wp-json\/wp\/v2\/product\/11828","targetHints":{"allow":["GET"]}}],"collection":[{"href":"https:\/\/www.idemia.com\/fr\/wp-json\/wp\/v2\/product"}],"about":[{"href":"https:\/\/www.idemia.com\/fr\/wp-json\/wp\/v2\/types\/product"}],"wp:attachment":[{"href":"https:\/\/www.idemia.com\/fr\/wp-json\/wp\/v2\/media?parent=11828"}],"wp:term":[{"taxonomy":"hub_tag","embeddable":true,"href":"https:\/\/www.idemia.com\/fr\/wp-json\/wp\/v2\/hub_tag?post=11828"}],"curies":[{"name":"wp","href":"https:\/\/api.w.org\/{rel}","templated":true}]}}