{"id":11867,"date":"2020-10-14T11:01:15","date_gmt":"2020-10-14T09:01:15","guid":{"rendered":"https:\/\/prod2024-wp.idemia.nbs-test.com\/product\/morphomanager\/"},"modified":"2023-12-07T16:25:03","modified_gmt":"2023-12-07T15:25:03","slug":"morphomanager","status":"publish","type":"product","link":"https:\/\/www.idemia.com\/fr\/systeme-de-controle-dacces-biometrique\/","title":{"rendered":"Syst\u00e8me de contr\u00f4le d&rsquo;acc\u00e8s biom\u00e9trique"},"featured_media":0,"template":"","hub_tag":[177],"class_list":["post-11867","product","type-product","status-publish","hentry","hub_tag-biometrie"],"acf":[],"_links":{"self":[{"href":"https:\/\/www.idemia.com\/fr\/wp-json\/wp\/v2\/product\/11867","targetHints":{"allow":["GET"]}}],"collection":[{"href":"https:\/\/www.idemia.com\/fr\/wp-json\/wp\/v2\/product"}],"about":[{"href":"https:\/\/www.idemia.com\/fr\/wp-json\/wp\/v2\/types\/product"}],"wp:attachment":[{"href":"https:\/\/www.idemia.com\/fr\/wp-json\/wp\/v2\/media?parent=11867"}],"wp:term":[{"taxonomy":"hub_tag","embeddable":true,"href":"https:\/\/www.idemia.com\/fr\/wp-json\/wp\/v2\/hub_tag?post=11867"}],"curies":[{"name":"wp","href":"https:\/\/api.w.org\/{rel}","templated":true}]}}