{"id":13925,"date":"2025-07-11T09:35:23","date_gmt":"2025-07-11T07:35:23","guid":{"rendered":"https:\/\/www.idemia.com\/?post_type=product&#038;p=13925"},"modified":"2025-09-12T10:08:25","modified_gmt":"2025-09-12T08:08:25","slug":"verification-des-antecedents-judiciaires","status":"publish","type":"product","link":"https:\/\/www.idemia.com\/fr\/verification-des-antecedents-judiciaires\/","title":{"rendered":"V\u00e9rification des ant\u00e9c\u00e9dents judiciaires"},"featured_media":0,"template":"","hub_tag":[177],"class_list":["post-13925","product","type-product","status-publish","hentry","hub_tag-biometrie"],"acf":[],"_links":{"self":[{"href":"https:\/\/www.idemia.com\/fr\/wp-json\/wp\/v2\/product\/13925","targetHints":{"allow":["GET"]}}],"collection":[{"href":"https:\/\/www.idemia.com\/fr\/wp-json\/wp\/v2\/product"}],"about":[{"href":"https:\/\/www.idemia.com\/fr\/wp-json\/wp\/v2\/types\/product"}],"wp:attachment":[{"href":"https:\/\/www.idemia.com\/fr\/wp-json\/wp\/v2\/media?parent=13925"}],"wp:term":[{"taxonomy":"hub_tag","embeddable":true,"href":"https:\/\/www.idemia.com\/fr\/wp-json\/wp\/v2\/hub_tag?post=13925"}],"curies":[{"name":"wp","href":"https:\/\/api.w.org\/{rel}","templated":true}]}}