{"id":13933,"date":"2025-07-11T09:33:41","date_gmt":"2025-07-11T07:33:41","guid":{"rendered":"https:\/\/www.idemia.com\/?post_type=product&#038;p=13933"},"modified":"2025-09-12T10:07:43","modified_gmt":"2025-09-12T08:07:43","slug":"securite-des-evenements-de-grande-ampleur","status":"publish","type":"product","link":"https:\/\/www.idemia.com\/fr\/securite-des-evenements-de-grande-ampleur\/","title":{"rendered":"S\u00e9curit\u00e9 des \u00e9v\u00e9nements de grande ampleur"},"featured_media":0,"template":"","hub_tag":[177],"class_list":["post-13933","product","type-product","status-publish","hentry","hub_tag-biometrie"],"acf":[],"_links":{"self":[{"href":"https:\/\/www.idemia.com\/fr\/wp-json\/wp\/v2\/product\/13933","targetHints":{"allow":["GET"]}}],"collection":[{"href":"https:\/\/www.idemia.com\/fr\/wp-json\/wp\/v2\/product"}],"about":[{"href":"https:\/\/www.idemia.com\/fr\/wp-json\/wp\/v2\/types\/product"}],"wp:attachment":[{"href":"https:\/\/www.idemia.com\/fr\/wp-json\/wp\/v2\/media?parent=13933"}],"wp:term":[{"taxonomy":"hub_tag","embeddable":true,"href":"https:\/\/www.idemia.com\/fr\/wp-json\/wp\/v2\/hub_tag?post=13933"}],"curies":[{"name":"wp","href":"https:\/\/api.w.org\/{rel}","templated":true}]}}